{"id":58,"date":"2025-01-22T14:32:20","date_gmt":"2025-01-22T13:32:20","guid":{"rendered":"https:\/\/ps-architecte.fr\/?page_id=58"},"modified":"2026-02-24T15:26:39","modified_gmt":"2026-02-24T14:26:39","slug":"lagence","status":"publish","type":"page","link":"https:\/\/ps-architecte.fr\/index.php\/lagence\/","title":{"rendered":"L&#8217;AGENCE"},"content":{"rendered":"\n<p>Agence cr\u00e9\u00e9e en 2019. <\/p>\n\n\n\n<p class=\"has-very-light-gray-to-cyan-bluish-gray-gradient-background has-background\">Mentions et r\u00e9compenses :<\/p>\n\n\n\n<p><strong>Projet nomin\u00e9 au concours Architectures \u00e0 Vivre :<\/strong> Maison H &#8211; cat\u00e9gorie Extensions Sur\u00e9l\u00e9vations.<\/p>\n\n\n\n<p>Parution aux \u00e9ditions du Moniteur : article concernant la r\u00e9novation de la maison Maison B &#8211; dans <strong>R\u00e9novation \u00e9nerg\u00e9tique durable des maisons individuelles, de Catherine Charlot-Valdieu &amp; Philippe Outrequin (2024-12)<\/strong><\/p>\n\n\n\n<p class=\"has-very-light-gray-to-cyan-bluish-gray-gradient-background has-background\">Collaborations :<\/p>\n\n\n\n<div class=\"wp-block-columns is-layout-flex wp-container-core-columns-is-layout-9d6595d7 wp-block-columns-is-layout-flex\">\n<div class=\"wp-block-column is-layout-flow wp-block-column-is-layout-flow\">\n<p>Architectes ayant collabor\u00e9 avec l&#8217;agence :<\/p>\n\n\n\n<p>Charles DE FINANCE                                       Julien PIDANCIER<\/p>\n<\/div>\n\n\n\n<div class=\"wp-block-column is-layout-flow wp-block-column-is-layout-flow\">\n<p>Stagiaires ayant collabor\u00e9 avec l&#8217;agence : <\/p>\n\n\n\n<p class=\"has-regular-font-size\">Emilie LAMBERT                                             Etienne PAQUET                                            Guilhem COTET                                                    Damya ACHOUR<\/p>\n\n\n\n<p><\/p>\n<\/div>\n<\/div>\n\n\n\n<figure class=\"wp-block-image size-large\"><img loading=\"lazy\" decoding=\"async\" width=\"1024\" height=\"768\" src=\"https:\/\/ps-architecte.fr\/wp-content\/uploads\/2025\/01\/EBKD1075-photo-thermique-modulor-copie-1-1024x768.jpg\" alt=\"\" class=\"wp-image-61\" srcset=\"https:\/\/ps-architecte.fr\/wp-content\/uploads\/2025\/01\/EBKD1075-photo-thermique-modulor-copie-1-1024x768.jpg 1024w, https:\/\/ps-architecte.fr\/wp-content\/uploads\/2025\/01\/EBKD1075-photo-thermique-modulor-copie-1-300x225.jpg 300w, https:\/\/ps-architecte.fr\/wp-content\/uploads\/2025\/01\/EBKD1075-photo-thermique-modulor-copie-1-768x576.jpg 768w, https:\/\/ps-architecte.fr\/wp-content\/uploads\/2025\/01\/EBKD1075-photo-thermique-modulor-copie-1-1200x900.jpg 1200w, https:\/\/ps-architecte.fr\/wp-content\/uploads\/2025\/01\/EBKD1075-photo-thermique-modulor-copie-1.jpg 1440w\" sizes=\"auto, (max-width: 1024px) 100vw, 1024px\" \/><\/figure>\n\n\n\n<p><\/p>\n","protected":false},"excerpt":{"rendered":"<p>Agence cr\u00e9\u00e9e en 2019. Mentions et r\u00e9compenses : Projet nomin\u00e9 au concours Architectures \u00e0 Vivre : Maison H &#8211; cat\u00e9gorie Extensions Sur\u00e9l\u00e9vations. Parution aux \u00e9ditions du Moniteur : article concernant la r\u00e9novation de la maison Maison B &#8211; dans R\u00e9novation \u00e9nerg\u00e9tique durable des maisons individuelles, de Catherine Charlot-Valdieu &amp; Philippe Outrequin (2024-12) Collaborations : Architectes [&hellip;]<\/p>\n","protected":false},"author":1,"featured_media":0,"parent":0,"menu_order":0,"comment_status":"closed","ping_status":"closed","template":"","meta":{"advanced_seo_description":"Informations concernant les mentions et r\u00e9compenses et collaborations re\u00e7ues par l'agence d'architecture","jetpack_seo_html_title":"Philippe Schaer Architecte : \u00e0 propos","jetpack_seo_noindex":false,"footnotes":""},"class_list":["post-58","page","type-page","status-publish","hentry","missing-thumbnail"],"jetpack_sharing_enabled":true,"_links":{"self":[{"href":"https:\/\/ps-architecte.fr\/index.php\/wp-json\/wp\/v2\/pages\/58","targetHints":{"allow":["GET"]}}],"collection":[{"href":"https:\/\/ps-architecte.fr\/index.php\/wp-json\/wp\/v2\/pages"}],"about":[{"href":"https:\/\/ps-architecte.fr\/index.php\/wp-json\/wp\/v2\/types\/page"}],"author":[{"embeddable":true,"href":"https:\/\/ps-architecte.fr\/index.php\/wp-json\/wp\/v2\/users\/1"}],"replies":[{"embeddable":true,"href":"https:\/\/ps-architecte.fr\/index.php\/wp-json\/wp\/v2\/comments?post=58"}],"version-history":[{"count":4,"href":"https:\/\/ps-architecte.fr\/index.php\/wp-json\/wp\/v2\/pages\/58\/revisions"}],"predecessor-version":[{"id":9475,"href":"https:\/\/ps-architecte.fr\/index.php\/wp-json\/wp\/v2\/pages\/58\/revisions\/9475"}],"wp:attachment":[{"href":"https:\/\/ps-architecte.fr\/index.php\/wp-json\/wp\/v2\/media?parent=58"}],"curies":[{"name":"wp","href":"https:\/\/api.w.org\/{rel}","templated":true}]}}