{"id":9472,"date":"2026-02-24T15:23:33","date_gmt":"2026-02-24T14:23:33","guid":{"rendered":"https:\/\/ps-architecte.fr\/?page_id=9472"},"modified":"2026-02-24T15:30:35","modified_gmt":"2026-02-24T14:30:35","slug":"mentions-legales","status":"publish","type":"page","link":"https:\/\/ps-architecte.fr\/index.php\/mentions-legales\/","title":{"rendered":"MENTIONS L\u00c9GALES"},"content":{"rendered":"\n<p class=\"has-text-align-center has-small-font-size\">Conform\u00e9ment aux dispositions du Code de la consommation concernant \u00ab le processus de m\u00e9diation des litiges de la consommation \u00bb, apr\u00e8s nous avoir sollicit\u00e9s et \u00e0 d\u00e9faut de r\u00e9ponse vous satisfaisant, vous avez la possibilit\u00e9 de recourir gratuitement \u00e0 une proc\u00e9dure de m\u00e9diation de la consommation aupr\u00e8s de :<\/p>\n\n\n\n<p class=\"has-text-align-center has-small-font-size\"><strong>CM2C<br>49 rue de Ponthieu<br>75 008 PARIS<br>Tel : 01 89 47 00 14<br>Site internet : https:\/\/www.cm2c.net\/declarer-un-litige.php<br>Mail : litiges@cm2c.net<\/strong><\/p>\n","protected":false},"excerpt":{"rendered":"<p>Conform\u00e9ment aux dispositions du Code de la consommation concernant \u00ab le processus de m\u00e9diation des litiges de la consommation \u00bb, apr\u00e8s nous avoir sollicit\u00e9s et \u00e0 d\u00e9faut de r\u00e9ponse vous satisfaisant, vous avez la possibilit\u00e9 de recourir gratuitement \u00e0 une proc\u00e9dure de m\u00e9diation de la consommation aupr\u00e8s de : CM2C49 rue de Ponthieu75 008 PARISTel [&hellip;]<\/p>\n","protected":false},"author":1,"featured_media":0,"parent":0,"menu_order":0,"comment_status":"closed","ping_status":"closed","template":"","meta":{"advanced_seo_description":"","jetpack_seo_html_title":"","jetpack_seo_noindex":false,"footnotes":""},"class_list":["post-9472","page","type-page","status-publish","hentry","missing-thumbnail"],"jetpack_sharing_enabled":true,"_links":{"self":[{"href":"https:\/\/ps-architecte.fr\/index.php\/wp-json\/wp\/v2\/pages\/9472","targetHints":{"allow":["GET"]}}],"collection":[{"href":"https:\/\/ps-architecte.fr\/index.php\/wp-json\/wp\/v2\/pages"}],"about":[{"href":"https:\/\/ps-architecte.fr\/index.php\/wp-json\/wp\/v2\/types\/page"}],"author":[{"embeddable":true,"href":"https:\/\/ps-architecte.fr\/index.php\/wp-json\/wp\/v2\/users\/1"}],"replies":[{"embeddable":true,"href":"https:\/\/ps-architecte.fr\/index.php\/wp-json\/wp\/v2\/comments?post=9472"}],"version-history":[{"count":3,"href":"https:\/\/ps-architecte.fr\/index.php\/wp-json\/wp\/v2\/pages\/9472\/revisions"}],"predecessor-version":[{"id":9477,"href":"https:\/\/ps-architecte.fr\/index.php\/wp-json\/wp\/v2\/pages\/9472\/revisions\/9477"}],"wp:attachment":[{"href":"https:\/\/ps-architecte.fr\/index.php\/wp-json\/wp\/v2\/media?parent=9472"}],"curies":[{"name":"wp","href":"https:\/\/api.w.org\/{rel}","templated":true}]}}